{"id":286,"date":"2024-11-25T15:17:49","date_gmt":"2024-11-25T15:17:49","guid":{"rendered":"https:\/\/www.senegalaggregates.com\/?page_id=286"},"modified":"2024-11-25T15:35:48","modified_gmt":"2024-11-25T15:35:48","slug":"location-de-grues-mobiles-et-a-tour","status":"publish","type":"page","link":"https:\/\/www.senegalaggregates.com\/en\/location-de-grues-mobiles-et-a-tour\/","title":{"rendered":"Mobile and tower crane hire"},"content":{"rendered":"<div data-elementor-type=\"wp-page\" data-elementor-id=\"286\" class=\"elementor elementor-286\" data-elementor-post-type=\"page\">\n\t\t\t\t<div class=\"elementor-element elementor-element-ca7245c e-con-full e-flex e-con e-parent\" data-id=\"ca7245c\" data-element_type=\"container\" data-settings=\"{&quot;background_background&quot;:&quot;classic&quot;}\">\n\t\t<div class=\"elementor-element elementor-element-68ccb58 e-flex e-con-boxed e-con e-child\" data-id=\"68ccb58\" data-element_type=\"container\">\n\t\t\t\t\t<div class=\"e-con-inner\">\n\t\t<div class=\"elementor-element elementor-element-10f77d6 e-con-full e-flex e-con e-child\" data-id=\"10f77d6\" data-element_type=\"container\">\n\t\t\t\t<div class=\"elementor-element elementor-element-389fbe8 elementor-widget__width-initial elementor-widget elementor-widget-heading\" data-id=\"389fbe8\" data-element_type=\"widget\" data-widget_type=\"heading.default\">\n\t\t\t\t<div class=\"elementor-widget-container\">\n\t\t\t<h2 class=\"elementor-heading-title elementor-size-default\">Services<\/h2>\t\t<\/div>\n\t\t\t\t<\/div>\n\t\t\t\t<\/div>\n\t\t\t\t\t<\/div>\n\t\t\t\t<\/div>\n\t\t\t\t<\/div>\n\t\t<div class=\"elementor-element elementor-element-daceead e-con-full e-flex elementor-invisible e-con e-parent\" data-id=\"daceead\" data-element_type=\"container\" data-settings=\"{&quot;background_background&quot;:&quot;classic&quot;,&quot;animation&quot;:&quot;zoomIn&quot;}\">\n\t\t<div class=\"elementor-element elementor-element-cb5113b e-con-full e-flex e-con e-child\" data-id=\"cb5113b\" data-element_type=\"container\" data-settings=\"{&quot;background_background&quot;:&quot;classic&quot;}\">\n\t\t\t\t<div class=\"elementor-element elementor-element-66d812e e-transform elementor-widget__width-initial elementor-widget elementor-widget-heading\" data-id=\"66d812e\" data-element_type=\"widget\" data-settings=\"{&quot;_transform_translateY_effect&quot;:{&quot;unit&quot;:&quot;px&quot;,&quot;size&quot;:-10,&quot;sizes&quot;:[]},&quot;_transform_translateX_effect&quot;:{&quot;unit&quot;:&quot;px&quot;,&quot;size&quot;:&quot;&quot;,&quot;sizes&quot;:[]},&quot;_transform_translateX_effect_tablet&quot;:{&quot;unit&quot;:&quot;px&quot;,&quot;size&quot;:&quot;&quot;,&quot;sizes&quot;:[]},&quot;_transform_translateX_effect_mobile&quot;:{&quot;unit&quot;:&quot;px&quot;,&quot;size&quot;:&quot;&quot;,&quot;sizes&quot;:[]},&quot;_transform_translateY_effect_tablet&quot;:{&quot;unit&quot;:&quot;px&quot;,&quot;size&quot;:&quot;&quot;,&quot;sizes&quot;:[]},&quot;_transform_translateY_effect_mobile&quot;:{&quot;unit&quot;:&quot;px&quot;,&quot;size&quot;:&quot;&quot;,&quot;sizes&quot;:[]}}\" data-widget_type=\"heading.default\">\n\t\t\t\t<div class=\"elementor-widget-container\">\n\t\t\t<h2 class=\"elementor-heading-title elementor-size-default\">For your lifting and handling needs, we offer :<\/h2>\t\t<\/div>\n\t\t\t\t<\/div>\n\t\t\t\t<\/div>\n\t\t<div class=\"elementor-element elementor-element-cd3712f e-flex e-con-boxed e-con e-child\" data-id=\"cd3712f\" data-element_type=\"container\">\n\t\t\t\t\t<div class=\"e-con-inner\">\n\t\t<div class=\"elementor-element elementor-element-7f30f4d e-con-full e-flex e-con e-child\" data-id=\"7f30f4d\" data-element_type=\"container\">\n\t\t<div class=\"elementor-element elementor-element-7a86da3 e-con-full e-flex e-con e-child\" data-id=\"7a86da3\" data-element_type=\"container\">\n\t\t\t\t<div class=\"elementor-element elementor-element-18d700f elementor-widget elementor-widget-image\" data-id=\"18d700f\" data-element_type=\"widget\" data-widget_type=\"image.default\">\n\t\t\t\t<div class=\"elementor-widget-container\">\n\t\t\t\t\t\t\t\t\t\t\t\t\t<img fetchpriority=\"high\" decoding=\"async\" width=\"451\" height=\"407\" src=\"https:\/\/www.senegalaggregates.com\/wp-content\/uploads\/2024\/11\/Group-9.png\" class=\"attachment-large size-large wp-image-290\" alt=\"\" srcset=\"https:\/\/www.senegalaggregates.com\/wp-content\/uploads\/2024\/11\/Group-9.png 451w, https:\/\/www.senegalaggregates.com\/wp-content\/uploads\/2024\/11\/Group-9-300x271.png 300w\" sizes=\"(max-width: 451px) 100vw, 451px\" \/>\t\t\t\t\t\t\t\t\t\t\t\t\t<\/div>\n\t\t\t\t<\/div>\n\t\t\t\t<\/div>\n\t\t<div class=\"elementor-element elementor-element-8d8f22d e-con-full e-flex e-con e-child\" data-id=\"8d8f22d\" data-element_type=\"container\">\n\t\t\t\t<div class=\"elementor-element elementor-element-b01df71 elementor-widget__width-initial elementor-widget elementor-widget-text-editor\" data-id=\"b01df71\" data-element_type=\"widget\" data-widget_type=\"text-editor.default\">\n\t\t\t\t<div class=\"elementor-widget-container\">\n\t\t\t\t\t\t\t<p><strong>Grues mobiles :<\/strong><\/p><p>Id\u00e9ales pour des chantiers exigeant une grande mobilit\u00e9.<\/p>\t\t\t\t\t\t<\/div>\n\t\t\t\t<\/div>\n\t\t\t\t<\/div>\n\t\t\t\t<\/div>\n\t\t<div class=\"elementor-element elementor-element-b52037a e-con-full e-flex e-con e-child\" data-id=\"b52037a\" data-element_type=\"container\">\n\t\t<div class=\"elementor-element elementor-element-b4aa2f9 e-con-full e-flex e-con e-child\" data-id=\"b4aa2f9\" data-element_type=\"container\">\n\t\t\t\t<div class=\"elementor-element elementor-element-5da3c6b elementor-widget elementor-widget-image\" data-id=\"5da3c6b\" data-element_type=\"widget\" data-widget_type=\"image.default\">\n\t\t\t\t<div class=\"elementor-widget-container\">\n\t\t\t\t\t\t\t\t\t\t\t\t\t<img decoding=\"async\" width=\"451\" height=\"416\" src=\"https:\/\/www.senegalaggregates.com\/wp-content\/uploads\/2024\/11\/Group-10.png\" class=\"attachment-large size-large wp-image-291\" alt=\"\" srcset=\"https:\/\/www.senegalaggregates.com\/wp-content\/uploads\/2024\/11\/Group-10.png 451w, https:\/\/www.senegalaggregates.com\/wp-content\/uploads\/2024\/11\/Group-10-300x277.png 300w\" sizes=\"(max-width: 451px) 100vw, 451px\" \/>\t\t\t\t\t\t\t\t\t\t\t\t\t<\/div>\n\t\t\t\t<\/div>\n\t\t\t\t<\/div>\n\t\t<div class=\"elementor-element elementor-element-99a1a6e e-con-full e-flex e-con e-child\" data-id=\"99a1a6e\" data-element_type=\"container\">\n\t\t\t\t<div class=\"elementor-element elementor-element-c24c8c0 elementor-widget__width-initial elementor-widget elementor-widget-text-editor\" data-id=\"c24c8c0\" data-element_type=\"widget\" data-widget_type=\"text-editor.default\">\n\t\t\t\t<div class=\"elementor-widget-container\">\n\t\t\t\t\t\t\t<p><strong>Maintenance included to ensure optimum performance during the rental period.<\/strong><\/p>\t\t\t\t\t\t<\/div>\n\t\t\t\t<\/div>\n\t\t\t\t<\/div>\n\t\t\t\t<\/div>\n\t\t<div class=\"elementor-element elementor-element-1d37444 e-con-full e-flex e-con e-child\" data-id=\"1d37444\" data-element_type=\"container\">\n\t\t<div class=\"elementor-element elementor-element-498d456 e-con-full e-flex e-con e-child\" data-id=\"498d456\" data-element_type=\"container\">\n\t\t\t\t<div class=\"elementor-element elementor-element-e2b7076 elementor-widget elementor-widget-image\" data-id=\"e2b7076\" data-element_type=\"widget\" data-widget_type=\"image.default\">\n\t\t\t\t<div class=\"elementor-widget-container\">\n\t\t\t\t\t\t\t\t\t\t\t\t\t<img decoding=\"async\" width=\"451\" height=\"438\" src=\"https:\/\/www.senegalaggregates.com\/wp-content\/uploads\/2024\/11\/Group-8.png\" class=\"attachment-large size-large wp-image-292\" alt=\"\" srcset=\"https:\/\/www.senegalaggregates.com\/wp-content\/uploads\/2024\/11\/Group-8.png 451w, https:\/\/www.senegalaggregates.com\/wp-content\/uploads\/2024\/11\/Group-8-300x291.png 300w\" sizes=\"(max-width: 451px) 100vw, 451px\" \/>\t\t\t\t\t\t\t\t\t\t\t\t\t<\/div>\n\t\t\t\t<\/div>\n\t\t\t\t<\/div>\n\t\t<div class=\"elementor-element elementor-element-719e19b e-con-full e-flex e-con e-child\" data-id=\"719e19b\" data-element_type=\"container\">\n\t\t\t\t<div class=\"elementor-element elementor-element-9b78221 elementor-widget__width-initial elementor-widget elementor-widget-text-editor\" data-id=\"9b78221\" data-element_type=\"widget\" data-widget_type=\"text-editor.default\">\n\t\t\t\t<div class=\"elementor-widget-container\">\n\t\t\t\t\t\t\t<p><strong>Grues \u00e0 tour :<\/strong><\/p><p>Parfaites pour des travaux en hauteur et des levages complexes.<\/p>\t\t\t\t\t\t<\/div>\n\t\t\t\t<\/div>\n\t\t\t\t<\/div>\n\t\t\t\t<\/div>\n\t\t\t\t\t<\/div>\n\t\t\t\t<\/div>\n\t\t\t\t<\/div>\n\t\t<div class=\"elementor-element elementor-element-0dfcc52 e-flex e-con-boxed e-con e-parent\" data-id=\"0dfcc52\" data-element_type=\"container\">\n\t\t\t\t\t<div class=\"e-con-inner\">\n\t\t<div class=\"elementor-element elementor-element-ca6a2b8 e-con-full e-flex e-con e-child\" data-id=\"ca6a2b8\" data-element_type=\"container\" data-settings=\"{&quot;background_background&quot;:&quot;classic&quot;}\">\n\t\t\t\t<div class=\"elementor-element elementor-element-84243e8 e-transform elementor-widget__width-initial elementor-widget elementor-widget-heading\" data-id=\"84243e8\" data-element_type=\"widget\" data-settings=\"{&quot;_transform_translateY_effect&quot;:{&quot;unit&quot;:&quot;px&quot;,&quot;size&quot;:-10,&quot;sizes&quot;:[]},&quot;_transform_translateX_effect&quot;:{&quot;unit&quot;:&quot;px&quot;,&quot;size&quot;:&quot;&quot;,&quot;sizes&quot;:[]},&quot;_transform_translateX_effect_tablet&quot;:{&quot;unit&quot;:&quot;px&quot;,&quot;size&quot;:&quot;&quot;,&quot;sizes&quot;:[]},&quot;_transform_translateX_effect_mobile&quot;:{&quot;unit&quot;:&quot;px&quot;,&quot;size&quot;:&quot;&quot;,&quot;sizes&quot;:[]},&quot;_transform_translateY_effect_tablet&quot;:{&quot;unit&quot;:&quot;px&quot;,&quot;size&quot;:&quot;&quot;,&quot;sizes&quot;:[]},&quot;_transform_translateY_effect_mobile&quot;:{&quot;unit&quot;:&quot;px&quot;,&quot;size&quot;:&quot;&quot;,&quot;sizes&quot;:[]}}\" data-widget_type=\"heading.default\">\n\t\t\t\t<div class=\"elementor-widget-container\">\n\t\t\t<h2 class=\"elementor-heading-title elementor-size-default\">Would you like to subscribe to this service? \nPlease contact us:<\/h2>\t\t<\/div>\n\t\t\t\t<\/div>\n\t\t\t\t<div class=\"elementor-element elementor-element-cea1cd0 elementor-button-align-start elementor-widget__width-inherit elementor-widget elementor-widget-form\" data-id=\"cea1cd0\" data-element_type=\"widget\" data-settings=\"{&quot;step_next_label&quot;:&quot;Next&quot;,&quot;step_previous_label&quot;:&quot;Previous&quot;,&quot;button_width&quot;:&quot;100&quot;,&quot;step_type&quot;:&quot;number_text&quot;,&quot;step_icon_shape&quot;:&quot;circle&quot;}\" data-widget_type=\"form.default\">\n\t\t\t\t<div class=\"elementor-widget-container\">\n\t\t\t\t\t<form class=\"elementor-form\" method=\"post\" name=\"contact\">\n\t\t\t<input type=\"hidden\" name=\"post_id\" value=\"286\"\/>\n\t\t\t<input type=\"hidden\" name=\"form_id\" value=\"cea1cd0\"\/>\n\t\t\t<input type=\"hidden\" name=\"referer_title\" value=\"Location de grues mobiles et \u00e0 tour - Senegalaggregates\" \/>\n\n\t\t\t\t\t\t\t<input type=\"hidden\" name=\"queried_id\" value=\"286\"\/>\n\t\t\t\n\t\t\t<div class=\"elementor-form-fields-wrapper elementor-labels-\">\n\t\t\t\t\t\t\t\t<div class=\"elementor-field-type-text elementor-field-group elementor-column elementor-field-group-name elementor-col-50 elementor-field-required\">\n\t\t\t\t\t\t\t\t\t\t\t\t<label for=\"form-field-name\" class=\"elementor-field-label elementor-screen-only\">\n\t\t\t\t\t\t\t\tName\t\t\t\t\t\t\t<\/label>\n\t\t\t\t\t\t\t\t\t\t\t\t\t\t<input size=\"1\" type=\"text\" name=\"form_fields[name]\" id=\"form-field-name\" class=\"elementor-field elementor-size-md  elementor-field-textual\" placeholder=\"Name\" required=\"required\" aria-required=\"true\">\n\t\t\t\t\t\t\t\t\t\t\t<\/div>\n\t\t\t\t\t\t\t\t<div class=\"elementor-field-type-text elementor-field-group elementor-column elementor-field-group-field_855d337 elementor-col-50 elementor-field-required\">\n\t\t\t\t\t\t\t\t\t\t\t\t<label for=\"form-field-field_855d337\" class=\"elementor-field-label elementor-screen-only\">\n\t\t\t\t\t\t\t\tFirst name\t\t\t\t\t\t\t<\/label>\n\t\t\t\t\t\t\t\t\t\t\t\t\t\t<input size=\"1\" type=\"text\" name=\"form_fields[field_855d337]\" id=\"form-field-field_855d337\" class=\"elementor-field elementor-size-md  elementor-field-textual\" placeholder=\"First name\" required=\"required\" aria-required=\"true\">\n\t\t\t\t\t\t\t\t\t\t\t<\/div>\n\t\t\t\t\t\t\t\t<div class=\"elementor-field-type-email elementor-field-group elementor-column elementor-field-group-email elementor-col-50 elementor-field-required\">\n\t\t\t\t\t\t\t\t\t\t\t\t<label for=\"form-field-email\" class=\"elementor-field-label elementor-screen-only\">\n\t\t\t\t\t\t\t\tEmail\t\t\t\t\t\t\t<\/label>\n\t\t\t\t\t\t\t\t\t\t\t\t\t\t<input size=\"1\" type=\"email\" name=\"form_fields[email]\" id=\"form-field-email\" class=\"elementor-field elementor-size-md  elementor-field-textual\" placeholder=\"Email\" required=\"required\" aria-required=\"true\">\n\t\t\t\t\t\t\t\t\t\t\t<\/div>\n\t\t\t\t\t\t\t\t<div class=\"elementor-field-type-tel elementor-field-group elementor-column elementor-field-group-field_259349c elementor-col-50 elementor-field-required\">\n\t\t\t\t\t\t\t\t\t\t\t\t<label for=\"form-field-field_259349c\" class=\"elementor-field-label elementor-screen-only\">\n\t\t\t\t\t\t\t\tPhone\t\t\t\t\t\t\t<\/label>\n\t\t\t\t\t\t\t\t<input size=\"1\" type=\"tel\" name=\"form_fields[field_259349c]\" id=\"form-field-field_259349c\" class=\"elementor-field elementor-size-md  elementor-field-textual\" placeholder=\"Phone\" required=\"required\" aria-required=\"true\" pattern=\"[0-9()#&amp;+*-=.]+\" title=\"Only numbers and phone characters (#, -, *, etc) are accepted.\" data-no-translation-title=\"\">\n\n\t\t\t\t\t\t<\/div>\n\t\t\t\t\t\t\t\t<div class=\"elementor-field-type-textarea elementor-field-group elementor-column elementor-field-group-message elementor-col-100\">\n\t\t\t\t\t\t\t\t\t\t\t\t<label for=\"form-field-message\" class=\"elementor-field-label elementor-screen-only\">\n\t\t\t\t\t\t\t\tMessage\t\t\t\t\t\t\t<\/label>\n\t\t\t\t\t\t<textarea class=\"elementor-field-textual elementor-field  elementor-size-md\" name=\"form_fields[message]\" id=\"form-field-message\" rows=\"7\" placeholder=\"Message\"><\/textarea>\t\t\t\t<\/div>\n\t\t\t\t\t\t\t\t<div class=\"elementor-field-group elementor-column elementor-field-type-submit elementor-col-100 e-form__buttons\">\n\t\t\t\t\t<button class=\"elementor-button elementor-size-sm\" type=\"submit\">\n\t\t\t\t\t\t<span class=\"elementor-button-content-wrapper\">\n\t\t\t\t\t\t\t\t\t\t\t\t\t\t\t<span class=\"elementor-button-icon\">\n\t\t\t\t\t\t\t\t\t<svg aria-hidden=\"true\" class=\"e-font-icon-svg e-fas-chevron-right\" viewbox=\"0 0 320 512\" xmlns=\"http:\/\/www.w3.org\/2000\/svg\"><path d=\"M285.476 272.971L91.132 467.314c-9.373 9.373-24.569 9.373-33.941 0l-22.667-22.667c-9.357-9.357-9.375-24.522-.04-33.901L188.505 256 34.484 101.255c-9.335-9.379-9.317-24.544.04-33.901l22.667-22.667c9.373-9.373 24.569-9.373 33.941 0L285.475 239.03c9.373 9.372 9.373 24.568.001 33.941z\"><\/path><\/svg>\t\t\t\t\t\t\t\t\t\t\t\t\t\t\t\t\t<\/span>\n\t\t\t\t\t\t\t\t\t\t\t\t\t\t\t\t\t\t\t\t\t\t<span class=\"elementor-button-text\">Send<\/span>\n\t\t\t\t\t\t\t\t\t\t\t\t\t<\/span>\n\t\t\t\t\t<\/button>\n\t\t\t\t<\/div>\n\t\t\t<\/div>\n\t\t<input type=\"hidden\" name=\"trp-form-language\" value=\"en\"\/><\/form>\n\t\t\t\t<\/div>\n\t\t\t\t<\/div>\n\t\t\t\t<\/div>\n\t\t\t\t\t<\/div>\n\t\t\t\t<\/div>\n\t\t\t\t<\/div>","protected":false},"excerpt":{"rendered":"<p>Services Pour vos besoins en levage et en manutention, nous proposons : Grues mobiles : Id\u00e9ales pour des chantiers exigeant une grande mobilit\u00e9. Maintenance incluse pour garantir un fonctionnement optimal pendant la location. Grues \u00e0 tour : Parfaites pour des travaux en hauteur et des levages complexes. Souhaitez-vous souscrire \u00e0 ce service ? Contactez nous [&hellip;]<\/p>","protected":false},"author":1,"featured_media":0,"parent":0,"menu_order":0,"comment_status":"closed","ping_status":"closed","template":"elementor_header_footer","meta":{"_acf_changed":false,"inline_featured_image":false,"footnotes":""},"class_list":["post-286","page","type-page","status-publish","hentry"],"acf":[],"yoast_head":"<!-- This site is optimized with the Yoast SEO Premium plugin v24.2 (Yoast SEO v24.2) - https:\/\/yoast.com\/wordpress\/plugins\/seo\/ -->\n<title>Location de grues mobiles et \u00e0 tour - Senegalaggregates<\/title>\n<meta name=\"robots\" content=\"index, follow, max-snippet:-1, max-image-preview:large, max-video-preview:-1\" \/>\n<link rel=\"canonical\" href=\"https:\/\/www.senegalaggregates.com\/en\/location-de-grues-mobiles-et-a-tour\/\" \/>\n<meta property=\"og:locale\" content=\"en_GB\" \/>\n<meta property=\"og:type\" content=\"article\" \/>\n<meta property=\"og:title\" content=\"Location de grues mobiles et \u00e0 tour\" \/>\n<meta property=\"og:description\" content=\"Services Pour vos besoins en levage et en manutention, nous proposons : Grues mobiles : Id\u00e9ales pour des chantiers exigeant une grande mobilit\u00e9. Maintenance incluse pour garantir un fonctionnement optimal pendant la location. Grues \u00e0 tour : Parfaites pour des travaux en hauteur et des levages complexes. Souhaitez-vous souscrire \u00e0 ce service ? Contactez nous [&hellip;]\" \/>\n<meta property=\"og:url\" content=\"https:\/\/www.senegalaggregates.com\/en\/location-de-grues-mobiles-et-a-tour\/\" \/>\n<meta property=\"og:site_name\" content=\"Senegalaggregates\" \/>\n<meta property=\"article:modified_time\" content=\"2024-11-25T15:35:48+00:00\" \/>\n<meta property=\"og:image\" content=\"https:\/\/www.senegalaggregates.com\/wp-content\/uploads\/2024\/11\/Group-9.png\" \/>\n<meta name=\"twitter:card\" content=\"summary_large_image\" \/>\n<script type=\"application\/ld+json\" class=\"yoast-schema-graph\">{\"@context\":\"https:\/\/schema.org\",\"@graph\":[{\"@type\":\"WebPage\",\"@id\":\"https:\/\/www.senegalaggregates.com\/location-de-grues-mobiles-et-a-tour\/\",\"url\":\"https:\/\/www.senegalaggregates.com\/location-de-grues-mobiles-et-a-tour\/\",\"name\":\"Location de grues mobiles et \u00e0 tour - Senegalaggregates\",\"isPartOf\":{\"@id\":\"https:\/\/www.senegalaggregates.com\/#website\"},\"primaryImageOfPage\":{\"@id\":\"https:\/\/www.senegalaggregates.com\/location-de-grues-mobiles-et-a-tour\/#primaryimage\"},\"image\":{\"@id\":\"https:\/\/www.senegalaggregates.com\/location-de-grues-mobiles-et-a-tour\/#primaryimage\"},\"thumbnailUrl\":\"https:\/\/www.senegalaggregates.com\/wp-content\/uploads\/2024\/11\/Group-9.png\",\"datePublished\":\"2024-11-25T15:17:49+00:00\",\"dateModified\":\"2024-11-25T15:35:48+00:00\",\"breadcrumb\":{\"@id\":\"https:\/\/www.senegalaggregates.com\/location-de-grues-mobiles-et-a-tour\/#breadcrumb\"},\"inLanguage\":\"en-GB\",\"potentialAction\":[{\"@type\":\"ReadAction\",\"target\":[\"https:\/\/www.senegalaggregates.com\/location-de-grues-mobiles-et-a-tour\/\"]}]},{\"@type\":\"ImageObject\",\"inLanguage\":\"en-GB\",\"@id\":\"https:\/\/www.senegalaggregates.com\/location-de-grues-mobiles-et-a-tour\/#primaryimage\",\"url\":\"https:\/\/www.senegalaggregates.com\/wp-content\/uploads\/2024\/11\/Group-9.png\",\"contentUrl\":\"https:\/\/www.senegalaggregates.com\/wp-content\/uploads\/2024\/11\/Group-9.png\"},{\"@type\":\"BreadcrumbList\",\"@id\":\"https:\/\/www.senegalaggregates.com\/location-de-grues-mobiles-et-a-tour\/#breadcrumb\",\"itemListElement\":[{\"@type\":\"ListItem\",\"position\":1,\"name\":\"Accueil\",\"item\":\"https:\/\/www.senegalaggregates.com\/\"},{\"@type\":\"ListItem\",\"position\":2,\"name\":\"Location de grues mobiles et \u00e0 tour\"}]},{\"@type\":\"WebSite\",\"@id\":\"https:\/\/www.senegalaggregates.com\/#website\",\"url\":\"https:\/\/www.senegalaggregates.com\/\",\"name\":\"Senegalaggregates\",\"description\":\"\",\"potentialAction\":[{\"@type\":\"SearchAction\",\"target\":{\"@type\":\"EntryPoint\",\"urlTemplate\":\"https:\/\/www.senegalaggregates.com\/?s={search_term_string}\"},\"query-input\":{\"@type\":\"PropertyValueSpecification\",\"valueRequired\":true,\"valueName\":\"search_term_string\"}}],\"inLanguage\":\"en-GB\"}]}<\/script>\n<!-- \/ Yoast SEO Premium plugin. -->","yoast_head_json":{"title":"Location de grues mobiles et \u00e0 tour - Senegalaggregates","robots":{"index":"index","follow":"follow","max-snippet":"max-snippet:-1","max-image-preview":"max-image-preview:large","max-video-preview":"max-video-preview:-1"},"canonical":"https:\/\/www.senegalaggregates.com\/en\/location-de-grues-mobiles-et-a-tour\/","og_locale":"en_GB","og_type":"article","og_title":"Location de grues mobiles et \u00e0 tour","og_description":"Services Pour vos besoins en levage et en manutention, nous proposons : Grues mobiles : Id\u00e9ales pour des chantiers exigeant une grande mobilit\u00e9. Maintenance incluse pour garantir un fonctionnement optimal pendant la location. Grues \u00e0 tour : Parfaites pour des travaux en hauteur et des levages complexes. Souhaitez-vous souscrire \u00e0 ce service ? Contactez nous [&hellip;]","og_url":"https:\/\/www.senegalaggregates.com\/en\/location-de-grues-mobiles-et-a-tour\/","og_site_name":"Senegalaggregates","article_modified_time":"2024-11-25T15:35:48+00:00","og_image":[{"url":"https:\/\/www.senegalaggregates.com\/wp-content\/uploads\/2024\/11\/Group-9.png","type":"","width":"","height":""}],"twitter_card":"summary_large_image","schema":{"@context":"https:\/\/schema.org","@graph":[{"@type":"WebPage","@id":"https:\/\/www.senegalaggregates.com\/location-de-grues-mobiles-et-a-tour\/","url":"https:\/\/www.senegalaggregates.com\/location-de-grues-mobiles-et-a-tour\/","name":"Location de grues mobiles et \u00e0 tour - Senegalaggregates","isPartOf":{"@id":"https:\/\/www.senegalaggregates.com\/#website"},"primaryImageOfPage":{"@id":"https:\/\/www.senegalaggregates.com\/location-de-grues-mobiles-et-a-tour\/#primaryimage"},"image":{"@id":"https:\/\/www.senegalaggregates.com\/location-de-grues-mobiles-et-a-tour\/#primaryimage"},"thumbnailUrl":"https:\/\/www.senegalaggregates.com\/wp-content\/uploads\/2024\/11\/Group-9.png","datePublished":"2024-11-25T15:17:49+00:00","dateModified":"2024-11-25T15:35:48+00:00","breadcrumb":{"@id":"https:\/\/www.senegalaggregates.com\/location-de-grues-mobiles-et-a-tour\/#breadcrumb"},"inLanguage":"en-GB","potentialAction":[{"@type":"ReadAction","target":["https:\/\/www.senegalaggregates.com\/location-de-grues-mobiles-et-a-tour\/"]}]},{"@type":"ImageObject","inLanguage":"en-GB","@id":"https:\/\/www.senegalaggregates.com\/location-de-grues-mobiles-et-a-tour\/#primaryimage","url":"https:\/\/www.senegalaggregates.com\/wp-content\/uploads\/2024\/11\/Group-9.png","contentUrl":"https:\/\/www.senegalaggregates.com\/wp-content\/uploads\/2024\/11\/Group-9.png"},{"@type":"BreadcrumbList","@id":"https:\/\/www.senegalaggregates.com\/location-de-grues-mobiles-et-a-tour\/#breadcrumb","itemListElement":[{"@type":"ListItem","position":1,"name":"Accueil","item":"https:\/\/www.senegalaggregates.com\/"},{"@type":"ListItem","position":2,"name":"Location de grues mobiles et \u00e0 tour"}]},{"@type":"WebSite","@id":"https:\/\/www.senegalaggregates.com\/#website","url":"https:\/\/www.senegalaggregates.com\/","name":"Senegalaggregates","description":"","potentialAction":[{"@type":"SearchAction","target":{"@type":"EntryPoint","urlTemplate":"https:\/\/www.senegalaggregates.com\/?s={search_term_string}"},"query-input":{"@type":"PropertyValueSpecification","valueRequired":true,"valueName":"search_term_string"}}],"inLanguage":"en-GB"}]}},"_links":{"self":[{"href":"https:\/\/www.senegalaggregates.com\/en\/wp-json\/wp\/v2\/pages\/286","targetHints":{"allow":["GET"]}}],"collection":[{"href":"https:\/\/www.senegalaggregates.com\/en\/wp-json\/wp\/v2\/pages"}],"about":[{"href":"https:\/\/www.senegalaggregates.com\/en\/wp-json\/wp\/v2\/types\/page"}],"author":[{"embeddable":true,"href":"https:\/\/www.senegalaggregates.com\/en\/wp-json\/wp\/v2\/users\/1"}],"replies":[{"embeddable":true,"href":"https:\/\/www.senegalaggregates.com\/en\/wp-json\/wp\/v2\/comments?post=286"}],"version-history":[{"count":8,"href":"https:\/\/www.senegalaggregates.com\/en\/wp-json\/wp\/v2\/pages\/286\/revisions"}],"predecessor-version":[{"id":344,"href":"https:\/\/www.senegalaggregates.com\/en\/wp-json\/wp\/v2\/pages\/286\/revisions\/344"}],"wp:attachment":[{"href":"https:\/\/www.senegalaggregates.com\/en\/wp-json\/wp\/v2\/media?parent=286"}],"curies":[{"name":"wp","href":"https:\/\/api.w.org\/{rel}","templated":true}]}}