{"id":274,"date":"2024-11-25T14:39:00","date_gmt":"2024-11-25T14:39:00","guid":{"rendered":"https:\/\/www.senegalaggregates.com\/?page_id=274"},"modified":"2024-11-25T15:16:41","modified_gmt":"2024-11-25T15:16:41","slug":"vente-de-beton-et-granulats","status":"publish","type":"page","link":"https:\/\/www.senegalaggregates.com\/fr\/vente-de-beton-et-granulats\/","title":{"rendered":"Vente de b\u00e9ton et granulats"},"content":{"rendered":"\t\t<div data-elementor-type=\"wp-page\" data-elementor-id=\"274\" class=\"elementor elementor-274\" data-elementor-post-type=\"page\">\n\t\t\t\t<div class=\"elementor-element elementor-element-892d4c0 e-con-full e-flex e-con e-parent\" data-id=\"892d4c0\" data-element_type=\"container\" data-settings=\"{&quot;background_background&quot;:&quot;classic&quot;}\">\n\t\t<div class=\"elementor-element elementor-element-02220c4 e-flex e-con-boxed e-con e-child\" data-id=\"02220c4\" data-element_type=\"container\">\n\t\t\t\t\t<div class=\"e-con-inner\">\n\t\t<div class=\"elementor-element elementor-element-da98b6a e-con-full e-flex e-con e-child\" data-id=\"da98b6a\" data-element_type=\"container\">\n\t\t\t\t<div class=\"elementor-element elementor-element-557b431 elementor-widget__width-initial elementor-widget elementor-widget-heading\" data-id=\"557b431\" data-element_type=\"widget\" data-widget_type=\"heading.default\">\n\t\t\t\t<div class=\"elementor-widget-container\">\n\t\t\t<h2 class=\"elementor-heading-title elementor-size-default\">Services<\/h2>\t\t<\/div>\n\t\t\t\t<\/div>\n\t\t\t\t<\/div>\n\t\t\t\t\t<\/div>\n\t\t\t\t<\/div>\n\t\t\t\t<\/div>\n\t\t<div class=\"elementor-element elementor-element-908c7e3 e-con-full e-flex elementor-invisible e-con e-parent\" data-id=\"908c7e3\" data-element_type=\"container\" data-settings=\"{&quot;background_background&quot;:&quot;classic&quot;,&quot;animation&quot;:&quot;zoomIn&quot;}\">\n\t\t<div class=\"elementor-element elementor-element-e0e04d6 e-con-full e-flex e-con e-child\" data-id=\"e0e04d6\" data-element_type=\"container\" data-settings=\"{&quot;background_background&quot;:&quot;classic&quot;}\">\n\t\t\t\t<div class=\"elementor-element elementor-element-4d94aa7 e-transform elementor-widget__width-initial elementor-widget elementor-widget-heading\" data-id=\"4d94aa7\" data-element_type=\"widget\" data-settings=\"{&quot;_transform_translateY_effect&quot;:{&quot;unit&quot;:&quot;px&quot;,&quot;size&quot;:-10,&quot;sizes&quot;:[]},&quot;_transform_translateX_effect&quot;:{&quot;unit&quot;:&quot;px&quot;,&quot;size&quot;:&quot;&quot;,&quot;sizes&quot;:[]},&quot;_transform_translateX_effect_tablet&quot;:{&quot;unit&quot;:&quot;px&quot;,&quot;size&quot;:&quot;&quot;,&quot;sizes&quot;:[]},&quot;_transform_translateX_effect_mobile&quot;:{&quot;unit&quot;:&quot;px&quot;,&quot;size&quot;:&quot;&quot;,&quot;sizes&quot;:[]},&quot;_transform_translateY_effect_tablet&quot;:{&quot;unit&quot;:&quot;px&quot;,&quot;size&quot;:&quot;&quot;,&quot;sizes&quot;:[]},&quot;_transform_translateY_effect_mobile&quot;:{&quot;unit&quot;:&quot;px&quot;,&quot;size&quot;:&quot;&quot;,&quot;sizes&quot;:[]}}\" data-widget_type=\"heading.default\">\n\t\t\t\t<div class=\"elementor-widget-container\">\n\t\t\t<h2 class=\"elementor-heading-title elementor-size-default\">Nous proposons une large gamme de b\u00e9ton et granulats de haute qualit\u00e9 adapt\u00e9s \u00e0 tous vos projets de construction :<\/h2>\t\t<\/div>\n\t\t\t\t<\/div>\n\t\t\t\t<\/div>\n\t\t<div class=\"elementor-element elementor-element-6094c39 e-flex e-con-boxed e-con e-child\" data-id=\"6094c39\" data-element_type=\"container\" data-settings=\"{&quot;background_background&quot;:&quot;classic&quot;}\">\n\t\t\t\t\t<div class=\"e-con-inner\">\n\t\t<div class=\"elementor-element elementor-element-bb2b277 e-con-full e-flex e-con e-child\" data-id=\"bb2b277\" data-element_type=\"container\">\n\t\t\t\t<div class=\"elementor-element elementor-element-991a9fb elementor-widget elementor-widget-image\" data-id=\"991a9fb\" data-element_type=\"widget\" data-widget_type=\"image.default\">\n\t\t\t\t<div class=\"elementor-widget-container\">\n\t\t\t\t\t\t\t\t\t\t\t\t\t<img fetchpriority=\"high\" decoding=\"async\" width=\"280\" height=\"284\" src=\"https:\/\/www.senegalaggregates.com\/wp-content\/uploads\/2024\/11\/Frame-72.svg\" class=\"attachment-full size-full wp-image-277\" alt=\"\" \/>\t\t\t\t\t\t\t\t\t\t\t\t\t<\/div>\n\t\t\t\t<\/div>\n\t\t\t\t<\/div>\n\t\t<div class=\"elementor-element elementor-element-906af52 e-con-full e-flex e-con e-child\" data-id=\"906af52\" data-element_type=\"container\">\n\t\t\t\t<div class=\"elementor-element elementor-element-d164b8c elementor-widget elementor-widget-image\" data-id=\"d164b8c\" data-element_type=\"widget\" data-widget_type=\"image.default\">\n\t\t\t\t<div class=\"elementor-widget-container\">\n\t\t\t\t\t\t\t\t\t\t\t\t\t<img decoding=\"async\" width=\"262\" height=\"228\" src=\"https:\/\/www.senegalaggregates.com\/wp-content\/uploads\/2024\/11\/Frame-71.svg\" class=\"attachment-full size-full wp-image-278\" alt=\"\" \/>\t\t\t\t\t\t\t\t\t\t\t\t\t<\/div>\n\t\t\t\t<\/div>\n\t\t\t\t<\/div>\n\t\t<div class=\"elementor-element elementor-element-89bc15d e-con-full e-flex e-con e-child\" data-id=\"89bc15d\" data-element_type=\"container\">\n\t\t\t\t<div class=\"elementor-element elementor-element-05f71be elementor-widget elementor-widget-image\" data-id=\"05f71be\" data-element_type=\"widget\" data-widget_type=\"image.default\">\n\t\t\t\t<div class=\"elementor-widget-container\">\n\t\t\t\t\t\t\t\t\t\t\t\t\t<img decoding=\"async\" width=\"800\" height=\"755\" src=\"https:\/\/www.senegalaggregates.com\/wp-content\/uploads\/2024\/11\/Frame-73.svg\" class=\"attachment-large size-large wp-image-279\" alt=\"\" \/>\t\t\t\t\t\t\t\t\t\t\t\t\t<\/div>\n\t\t\t\t<\/div>\n\t\t\t\t<\/div>\n\t\t\t\t\t<\/div>\n\t\t\t\t<\/div>\n\t\t\t\t<\/div>\n\t\t<div class=\"elementor-element elementor-element-717dcac e-flex e-con-boxed e-con e-parent\" data-id=\"717dcac\" data-element_type=\"container\">\n\t\t\t\t\t<div class=\"e-con-inner\">\n\t\t<div class=\"elementor-element elementor-element-a43ffbd e-con-full e-flex e-con e-child\" data-id=\"a43ffbd\" data-element_type=\"container\" data-settings=\"{&quot;background_background&quot;:&quot;classic&quot;}\">\n\t\t\t\t<div class=\"elementor-element elementor-element-87b991c e-transform elementor-widget__width-initial elementor-widget elementor-widget-heading\" data-id=\"87b991c\" data-element_type=\"widget\" data-settings=\"{&quot;_transform_translateY_effect&quot;:{&quot;unit&quot;:&quot;px&quot;,&quot;size&quot;:-10,&quot;sizes&quot;:[]},&quot;_transform_translateX_effect&quot;:{&quot;unit&quot;:&quot;px&quot;,&quot;size&quot;:&quot;&quot;,&quot;sizes&quot;:[]},&quot;_transform_translateX_effect_tablet&quot;:{&quot;unit&quot;:&quot;px&quot;,&quot;size&quot;:&quot;&quot;,&quot;sizes&quot;:[]},&quot;_transform_translateX_effect_mobile&quot;:{&quot;unit&quot;:&quot;px&quot;,&quot;size&quot;:&quot;&quot;,&quot;sizes&quot;:[]},&quot;_transform_translateY_effect_tablet&quot;:{&quot;unit&quot;:&quot;px&quot;,&quot;size&quot;:&quot;&quot;,&quot;sizes&quot;:[]},&quot;_transform_translateY_effect_mobile&quot;:{&quot;unit&quot;:&quot;px&quot;,&quot;size&quot;:&quot;&quot;,&quot;sizes&quot;:[]}}\" data-widget_type=\"heading.default\">\n\t\t\t\t<div class=\"elementor-widget-container\">\n\t\t\t<h2 class=\"elementor-heading-title elementor-size-default\">Souhaitez-vous souscrire \u00e0 ce service ? \nContactez nous :<\/h2>\t\t<\/div>\n\t\t\t\t<\/div>\n\t\t\t\t<div class=\"elementor-element elementor-element-73b6350 elementor-button-align-start elementor-widget__width-inherit elementor-widget elementor-widget-form\" data-id=\"73b6350\" data-element_type=\"widget\" data-settings=\"{&quot;step_next_label&quot;:&quot;Next&quot;,&quot;step_previous_label&quot;:&quot;Previous&quot;,&quot;button_width&quot;:&quot;100&quot;,&quot;step_type&quot;:&quot;number_text&quot;,&quot;step_icon_shape&quot;:&quot;circle&quot;}\" data-widget_type=\"form.default\">\n\t\t\t\t<div class=\"elementor-widget-container\">\n\t\t\t\t\t<form class=\"elementor-form\" method=\"post\" name=\"contact\">\n\t\t\t<input type=\"hidden\" name=\"post_id\" value=\"274\"\/>\n\t\t\t<input type=\"hidden\" name=\"form_id\" value=\"73b6350\"\/>\n\t\t\t<input type=\"hidden\" name=\"referer_title\" value=\"Vente de b\u00e9ton et granulats - Senegalaggregates\" \/>\n\n\t\t\t\t\t\t\t<input type=\"hidden\" name=\"queried_id\" value=\"274\"\/>\n\t\t\t\n\t\t\t<div class=\"elementor-form-fields-wrapper elementor-labels-\">\n\t\t\t\t\t\t\t\t<div class=\"elementor-field-type-text elementor-field-group elementor-column elementor-field-group-name elementor-col-50 elementor-field-required\">\n\t\t\t\t\t\t\t\t\t\t\t\t<label for=\"form-field-name\" class=\"elementor-field-label elementor-screen-only\">\n\t\t\t\t\t\t\t\tNom\t\t\t\t\t\t\t<\/label>\n\t\t\t\t\t\t\t\t\t\t\t\t\t\t<input size=\"1\" type=\"text\" name=\"form_fields[name]\" id=\"form-field-name\" class=\"elementor-field elementor-size-md  elementor-field-textual\" placeholder=\"Nom\" required=\"required\" aria-required=\"true\">\n\t\t\t\t\t\t\t\t\t\t\t<\/div>\n\t\t\t\t\t\t\t\t<div class=\"elementor-field-type-text elementor-field-group elementor-column elementor-field-group-field_855d337 elementor-col-50 elementor-field-required\">\n\t\t\t\t\t\t\t\t\t\t\t\t<label for=\"form-field-field_855d337\" class=\"elementor-field-label elementor-screen-only\">\n\t\t\t\t\t\t\t\tPr\u00e9nom\t\t\t\t\t\t\t<\/label>\n\t\t\t\t\t\t\t\t\t\t\t\t\t\t<input size=\"1\" type=\"text\" name=\"form_fields[field_855d337]\" id=\"form-field-field_855d337\" class=\"elementor-field elementor-size-md  elementor-field-textual\" placeholder=\"Pr\u00e9nom\" required=\"required\" aria-required=\"true\">\n\t\t\t\t\t\t\t\t\t\t\t<\/div>\n\t\t\t\t\t\t\t\t<div class=\"elementor-field-type-email elementor-field-group elementor-column elementor-field-group-email elementor-col-50 elementor-field-required\">\n\t\t\t\t\t\t\t\t\t\t\t\t<label for=\"form-field-email\" class=\"elementor-field-label elementor-screen-only\">\n\t\t\t\t\t\t\t\tEmail\t\t\t\t\t\t\t<\/label>\n\t\t\t\t\t\t\t\t\t\t\t\t\t\t<input size=\"1\" type=\"email\" name=\"form_fields[email]\" id=\"form-field-email\" class=\"elementor-field elementor-size-md  elementor-field-textual\" placeholder=\"Email\" required=\"required\" aria-required=\"true\">\n\t\t\t\t\t\t\t\t\t\t\t<\/div>\n\t\t\t\t\t\t\t\t<div class=\"elementor-field-type-tel elementor-field-group elementor-column elementor-field-group-field_259349c elementor-col-50 elementor-field-required\">\n\t\t\t\t\t\t\t\t\t\t\t\t<label for=\"form-field-field_259349c\" class=\"elementor-field-label elementor-screen-only\">\n\t\t\t\t\t\t\t\tTelephone\t\t\t\t\t\t\t<\/label>\n\t\t\t\t\t\t\t\t<input size=\"1\" type=\"tel\" name=\"form_fields[field_259349c]\" id=\"form-field-field_259349c\" class=\"elementor-field elementor-size-md  elementor-field-textual\" placeholder=\"Telephone\" required=\"required\" aria-required=\"true\" pattern=\"[0-9()#&amp;+*-=.]+\" title=\"<trp-gettext data-trpgettextoriginal=1494>Only numbers and phone characters (#, -, *, etc) are accepted.<\/trp-gettext>\">\n\n\t\t\t\t\t\t<\/div>\n\t\t\t\t\t\t\t\t<div class=\"elementor-field-type-textarea elementor-field-group elementor-column elementor-field-group-message elementor-col-100\">\n\t\t\t\t\t\t\t\t\t\t\t\t<label for=\"form-field-message\" class=\"elementor-field-label elementor-screen-only\">\n\t\t\t\t\t\t\t\tMessage\t\t\t\t\t\t\t<\/label>\n\t\t\t\t\t\t<textarea class=\"elementor-field-textual elementor-field  elementor-size-md\" name=\"form_fields[message]\" id=\"form-field-message\" rows=\"7\" placeholder=\"Message\"><\/textarea>\t\t\t\t<\/div>\n\t\t\t\t\t\t\t\t<div class=\"elementor-field-group elementor-column elementor-field-type-submit elementor-col-100 e-form__buttons\">\n\t\t\t\t\t<button class=\"elementor-button elementor-size-sm\" type=\"submit\">\n\t\t\t\t\t\t<span class=\"elementor-button-content-wrapper\">\n\t\t\t\t\t\t\t\t\t\t\t\t\t\t\t<span class=\"elementor-button-icon\">\n\t\t\t\t\t\t\t\t\t<svg aria-hidden=\"true\" class=\"e-font-icon-svg e-fas-chevron-right\" viewBox=\"0 0 320 512\" xmlns=\"http:\/\/www.w3.org\/2000\/svg\"><path d=\"M285.476 272.971L91.132 467.314c-9.373 9.373-24.569 9.373-33.941 0l-22.667-22.667c-9.357-9.357-9.375-24.522-.04-33.901L188.505 256 34.484 101.255c-9.335-9.379-9.317-24.544.04-33.901l22.667-22.667c9.373-9.373 24.569-9.373 33.941 0L285.475 239.03c9.373 9.372 9.373 24.568.001 33.941z\"><\/path><\/svg>\t\t\t\t\t\t\t\t\t\t\t\t\t\t\t\t\t<\/span>\n\t\t\t\t\t\t\t\t\t\t\t\t\t\t\t\t\t\t\t\t\t\t<span class=\"elementor-button-text\">Envoyer<\/span>\n\t\t\t\t\t\t\t\t\t\t\t\t\t<\/span>\n\t\t\t\t\t<\/button>\n\t\t\t\t<\/div>\n\t\t\t<\/div>\n\t\t<\/form>\n\t\t\t\t<\/div>\n\t\t\t\t<\/div>\n\t\t\t\t<\/div>\n\t\t\t\t\t<\/div>\n\t\t\t\t<\/div>\n\t\t\t\t<\/div>\n\t\t","protected":false},"excerpt":{"rendered":"<p>Services Nous proposons une large gamme de b\u00e9ton et granulats de haute qualit\u00e9 adapt\u00e9s \u00e0 tous vos projets de construction : Souhaitez-vous souscrire \u00e0 ce service ? Contactez nous :<\/p>\n","protected":false},"author":1,"featured_media":0,"parent":0,"menu_order":0,"comment_status":"closed","ping_status":"closed","template":"elementor_header_footer","meta":{"_acf_changed":false,"inline_featured_image":false,"footnotes":""},"class_list":["post-274","page","type-page","status-publish","hentry"],"acf":[],"yoast_head":"<!-- This site is optimized with the Yoast SEO Premium plugin v24.2 (Yoast SEO v24.2) - https:\/\/yoast.com\/wordpress\/plugins\/seo\/ -->\n<title>Vente de b\u00e9ton et granulats - Senegalaggregates<\/title>\n<meta name=\"robots\" content=\"index, follow, max-snippet:-1, max-image-preview:large, max-video-preview:-1\" \/>\n<link rel=\"canonical\" href=\"https:\/\/www.senegalaggregates.com\/fr\/vente-de-beton-et-granulats\/\" \/>\n<meta property=\"og:locale\" content=\"fr_FR\" \/>\n<meta property=\"og:type\" content=\"article\" \/>\n<meta property=\"og:title\" content=\"Vente de b\u00e9ton et granulats\" \/>\n<meta property=\"og:description\" content=\"Services Nous proposons une large gamme de b\u00e9ton et granulats de haute qualit\u00e9 adapt\u00e9s \u00e0 tous vos projets de construction : Souhaitez-vous souscrire \u00e0 ce service ? Contactez nous :\" \/>\n<meta property=\"og:url\" content=\"https:\/\/www.senegalaggregates.com\/fr\/vente-de-beton-et-granulats\/\" \/>\n<meta property=\"og:site_name\" content=\"Senegalaggregates\" \/>\n<meta property=\"article:modified_time\" content=\"2024-11-25T15:16:41+00:00\" \/>\n<meta property=\"og:image\" content=\"https:\/\/www.senegalaggregates.com\/wp-content\/uploads\/2024\/11\/Frame-72.svg\" \/>\n<meta name=\"twitter:card\" content=\"summary_large_image\" \/>\n<script type=\"application\/ld+json\" class=\"yoast-schema-graph\">{\"@context\":\"https:\/\/schema.org\",\"@graph\":[{\"@type\":\"WebPage\",\"@id\":\"https:\/\/www.senegalaggregates.com\/vente-de-beton-et-granulats\/\",\"url\":\"https:\/\/www.senegalaggregates.com\/vente-de-beton-et-granulats\/\",\"name\":\"Vente de b\u00e9ton et granulats - Senegalaggregates\",\"isPartOf\":{\"@id\":\"https:\/\/www.senegalaggregates.com\/#website\"},\"primaryImageOfPage\":{\"@id\":\"https:\/\/www.senegalaggregates.com\/vente-de-beton-et-granulats\/#primaryimage\"},\"image\":{\"@id\":\"https:\/\/www.senegalaggregates.com\/vente-de-beton-et-granulats\/#primaryimage\"},\"thumbnailUrl\":\"https:\/\/www.senegalaggregates.com\/wp-content\/uploads\/2024\/11\/Frame-72.svg\",\"datePublished\":\"2024-11-25T14:39:00+00:00\",\"dateModified\":\"2024-11-25T15:16:41+00:00\",\"breadcrumb\":{\"@id\":\"https:\/\/www.senegalaggregates.com\/vente-de-beton-et-granulats\/#breadcrumb\"},\"inLanguage\":\"fr-FR\",\"potentialAction\":[{\"@type\":\"ReadAction\",\"target\":[\"https:\/\/www.senegalaggregates.com\/vente-de-beton-et-granulats\/\"]}]},{\"@type\":\"ImageObject\",\"inLanguage\":\"fr-FR\",\"@id\":\"https:\/\/www.senegalaggregates.com\/vente-de-beton-et-granulats\/#primaryimage\",\"url\":\"https:\/\/www.senegalaggregates.com\/wp-content\/uploads\/2024\/11\/Frame-72.svg\",\"contentUrl\":\"https:\/\/www.senegalaggregates.com\/wp-content\/uploads\/2024\/11\/Frame-72.svg\"},{\"@type\":\"BreadcrumbList\",\"@id\":\"https:\/\/www.senegalaggregates.com\/vente-de-beton-et-granulats\/#breadcrumb\",\"itemListElement\":[{\"@type\":\"ListItem\",\"position\":1,\"name\":\"Accueil\",\"item\":\"https:\/\/www.senegalaggregates.com\/\"},{\"@type\":\"ListItem\",\"position\":2,\"name\":\"Vente de b\u00e9ton et granulats\"}]},{\"@type\":\"WebSite\",\"@id\":\"https:\/\/www.senegalaggregates.com\/#website\",\"url\":\"https:\/\/www.senegalaggregates.com\/\",\"name\":\"Senegalaggregates\",\"description\":\"\",\"potentialAction\":[{\"@type\":\"SearchAction\",\"target\":{\"@type\":\"EntryPoint\",\"urlTemplate\":\"https:\/\/www.senegalaggregates.com\/?s={search_term_string}\"},\"query-input\":{\"@type\":\"PropertyValueSpecification\",\"valueRequired\":true,\"valueName\":\"search_term_string\"}}],\"inLanguage\":\"fr-FR\"}]}<\/script>\n<!-- \/ Yoast SEO Premium plugin. -->","yoast_head_json":{"title":"Vente de b\u00e9ton et granulats - Senegalaggregates","robots":{"index":"index","follow":"follow","max-snippet":"max-snippet:-1","max-image-preview":"max-image-preview:large","max-video-preview":"max-video-preview:-1"},"canonical":"https:\/\/www.senegalaggregates.com\/fr\/vente-de-beton-et-granulats\/","og_locale":"fr_FR","og_type":"article","og_title":"Vente de b\u00e9ton et granulats","og_description":"Services Nous proposons une large gamme de b\u00e9ton et granulats de haute qualit\u00e9 adapt\u00e9s \u00e0 tous vos projets de construction : Souhaitez-vous souscrire \u00e0 ce service ? Contactez nous :","og_url":"https:\/\/www.senegalaggregates.com\/fr\/vente-de-beton-et-granulats\/","og_site_name":"Senegalaggregates","article_modified_time":"2024-11-25T15:16:41+00:00","og_image":[{"url":"https:\/\/www.senegalaggregates.com\/wp-content\/uploads\/2024\/11\/Frame-72.svg","type":"","width":"","height":""}],"twitter_card":"summary_large_image","schema":{"@context":"https:\/\/schema.org","@graph":[{"@type":"WebPage","@id":"https:\/\/www.senegalaggregates.com\/vente-de-beton-et-granulats\/","url":"https:\/\/www.senegalaggregates.com\/vente-de-beton-et-granulats\/","name":"Vente de b\u00e9ton et granulats - Senegalaggregates","isPartOf":{"@id":"https:\/\/www.senegalaggregates.com\/#website"},"primaryImageOfPage":{"@id":"https:\/\/www.senegalaggregates.com\/vente-de-beton-et-granulats\/#primaryimage"},"image":{"@id":"https:\/\/www.senegalaggregates.com\/vente-de-beton-et-granulats\/#primaryimage"},"thumbnailUrl":"https:\/\/www.senegalaggregates.com\/wp-content\/uploads\/2024\/11\/Frame-72.svg","datePublished":"2024-11-25T14:39:00+00:00","dateModified":"2024-11-25T15:16:41+00:00","breadcrumb":{"@id":"https:\/\/www.senegalaggregates.com\/vente-de-beton-et-granulats\/#breadcrumb"},"inLanguage":"fr-FR","potentialAction":[{"@type":"ReadAction","target":["https:\/\/www.senegalaggregates.com\/vente-de-beton-et-granulats\/"]}]},{"@type":"ImageObject","inLanguage":"fr-FR","@id":"https:\/\/www.senegalaggregates.com\/vente-de-beton-et-granulats\/#primaryimage","url":"https:\/\/www.senegalaggregates.com\/wp-content\/uploads\/2024\/11\/Frame-72.svg","contentUrl":"https:\/\/www.senegalaggregates.com\/wp-content\/uploads\/2024\/11\/Frame-72.svg"},{"@type":"BreadcrumbList","@id":"https:\/\/www.senegalaggregates.com\/vente-de-beton-et-granulats\/#breadcrumb","itemListElement":[{"@type":"ListItem","position":1,"name":"Accueil","item":"https:\/\/www.senegalaggregates.com\/"},{"@type":"ListItem","position":2,"name":"Vente de b\u00e9ton et granulats"}]},{"@type":"WebSite","@id":"https:\/\/www.senegalaggregates.com\/#website","url":"https:\/\/www.senegalaggregates.com\/","name":"Senegalaggregates","description":"","potentialAction":[{"@type":"SearchAction","target":{"@type":"EntryPoint","urlTemplate":"https:\/\/www.senegalaggregates.com\/?s={search_term_string}"},"query-input":{"@type":"PropertyValueSpecification","valueRequired":true,"valueName":"search_term_string"}}],"inLanguage":"fr-FR"}]}},"_links":{"self":[{"href":"https:\/\/www.senegalaggregates.com\/fr\/wp-json\/wp\/v2\/pages\/274","targetHints":{"allow":["GET"]}}],"collection":[{"href":"https:\/\/www.senegalaggregates.com\/fr\/wp-json\/wp\/v2\/pages"}],"about":[{"href":"https:\/\/www.senegalaggregates.com\/fr\/wp-json\/wp\/v2\/types\/page"}],"author":[{"embeddable":true,"href":"https:\/\/www.senegalaggregates.com\/fr\/wp-json\/wp\/v2\/users\/1"}],"replies":[{"embeddable":true,"href":"https:\/\/www.senegalaggregates.com\/fr\/wp-json\/wp\/v2\/comments?post=274"}],"version-history":[{"count":7,"href":"https:\/\/www.senegalaggregates.com\/fr\/wp-json\/wp\/v2\/pages\/274\/revisions"}],"predecessor-version":[{"id":285,"href":"https:\/\/www.senegalaggregates.com\/fr\/wp-json\/wp\/v2\/pages\/274\/revisions\/285"}],"wp:attachment":[{"href":"https:\/\/www.senegalaggregates.com\/fr\/wp-json\/wp\/v2\/media?parent=274"}],"curies":[{"name":"wp","href":"https:\/\/api.w.org\/{rel}","templated":true}]}}